{"id":11773,"date":"2025-02-28T13:48:28","date_gmt":"2025-02-28T12:48:28","guid":{"rendered":"https:\/\/www.chantalstantrastudio.com\/sheril\/"},"modified":"2025-12-18T14:54:39","modified_gmt":"2025-12-18T13:54:39","slug":"sheril","status":"publish","type":"page","link":"https:\/\/www.chantalstantrastudio.com\/nl\/sheril\/","title":{"rendered":"Nieuwe Dames Welkom"},"content":{"rendered":"\t\t<div data-elementor-type=\"wp-page\" data-elementor-id=\"11773\" class=\"elementor elementor-11773 elementor-11767\" data-elementor-post-type=\"page\">\n\t\t\t\t\t\t<section class=\"elementor-section elementor-top-section elementor-element elementor-element-653b0aef elementor-section-boxed elementor-section-height-default elementor-section-height-default\" data-id=\"653b0aef\" data-element_type=\"section\">\n\t\t\t\t\t\t<div class=\"elementor-container elementor-column-gap-default\">\n\t\t\t\t\t<div class=\"elementor-column elementor-col-50 elementor-top-column elementor-element elementor-element-5a9d2155\" data-id=\"5a9d2155\" data-element_type=\"column\">\n\t\t\t<div class=\"elementor-widget-wrap elementor-element-populated\">\n\t\t\t\t\t\t<div class=\"elementor-element elementor-element-3769cbe1 elementor-widget elementor-widget-heading\" data-id=\"3769cbe1\" data-element_type=\"widget\" data-widget_type=\"heading.default\">\n\t\t\t\t\t<h2 class=\"elementor-heading-title elementor-size-default\">Nieuwe Dames Welkom<\/h2>\t\t\t\t<\/div>\n\t\t\t\t<section class=\"elementor-section elementor-inner-section elementor-element elementor-element-5df4789 elementor-section-boxed elementor-section-height-default elementor-section-height-default\" data-id=\"5df4789\" data-element_type=\"section\">\n\t\t\t\t\t\t<div class=\"elementor-container elementor-column-gap-default\">\n\t\t\t\t\t<div class=\"elementor-column elementor-col-50 elementor-inner-column elementor-element elementor-element-6a7c4e9\" data-id=\"6a7c4e9\" data-element_type=\"column\">\n\t\t\t<div class=\"elementor-widget-wrap elementor-element-populated\">\n\t\t\t\t\t\t<div class=\"elementor-element elementor-element-4d94c0e0 elementor-widget elementor-widget-text-editor\" data-id=\"4d94c0e0\" data-element_type=\"widget\" data-widget_type=\"text-editor.default\">\n\t\t\t\t\t\t\t\t\t<p>Zoek jij een leuke werkplek met een goede sfeer? Goede Verdiensten en betere voorwaarden voor jou, dan de &#8220;bekende&#8221; Opting in regeling? zoek dan niet verder en neem contact met ons op!<\/p><p>Wij werken onder een &#8220;beschermingswet&#8221; waardoor jij zo goed als geheel &#8220;anoniem&#8221; blijft\/kan werken.<\/p><p>Wie weet tot snel!<\/p>\t\t\t\t\t\t\t\t<\/div>\n\t\t\t\t\t<\/div>\n\t\t<\/div>\n\t\t\t\t<div class=\"elementor-column elementor-col-50 elementor-inner-column elementor-element elementor-element-4967acb9\" data-id=\"4967acb9\" data-element_type=\"column\">\n\t\t\t<div class=\"elementor-widget-wrap elementor-element-populated\">\n\t\t\t\t\t\t<div class=\"elementor-element elementor-element-58a7aeb1 elementor-widget elementor-widget-theme-post-featured-image elementor-widget-image\" data-id=\"58a7aeb1\" data-element_type=\"widget\" data-widget_type=\"theme-post-featured-image.default\">\n\t\t\t\t\t\t\t\t\t\t\t\t\t\t\t<img loading=\"lazy\" loading=\"lazy\" decoding=\"async\" width=\"512\" height=\"512\" src=\"https:\/\/www.chantalstantrastudio.com\/wp-content\/uploads\/2019\/05\/cropped-Element-1.png\" class=\"attachment-large size-large wp-image-7210\" alt=\"\" srcset=\"https:\/\/www.chantalstantrastudio.com\/wp-content\/uploads\/2019\/05\/cropped-Element-1.png 512w, https:\/\/www.chantalstantrastudio.com\/wp-content\/uploads\/2019\/05\/cropped-Element-1-300x300.png 300w, https:\/\/www.chantalstantrastudio.com\/wp-content\/uploads\/2019\/05\/cropped-Element-1-150x150.png 150w, https:\/\/www.chantalstantrastudio.com\/wp-content\/uploads\/2019\/05\/cropped-Element-1-1x1.png 1w, https:\/\/www.chantalstantrastudio.com\/wp-content\/uploads\/2019\/05\/cropped-Element-1-10x10.png 10w, https:\/\/www.chantalstantrastudio.com\/wp-content\/uploads\/2019\/05\/cropped-Element-1-270x270.png 270w, https:\/\/www.chantalstantrastudio.com\/wp-content\/uploads\/2019\/05\/cropped-Element-1-192x192.png 192w, https:\/\/www.chantalstantrastudio.com\/wp-content\/uploads\/2019\/05\/cropped-Element-1-180x180.png 180w, https:\/\/www.chantalstantrastudio.com\/wp-content\/uploads\/2019\/05\/cropped-Element-1-32x32.png 32w\" sizes=\"auto, (max-width: 512px) 100vw, 512px\" \/>\t\t\t\t\t\t\t\t\t\t\t\t\t\t\t<\/div>\n\t\t\t\t\t<\/div>\n\t\t<\/div>\n\t\t\t\t\t<\/div>\n\t\t<\/section>\n\t\t\t\t<div class=\"elementor-element elementor-element-584b7318 elementor-widget elementor-widget-etheme_gallery\" data-id=\"584b7318\" data-element_type=\"widget\" data-settings=\"{&quot;columns&quot;:{&quot;unit&quot;:&quot;px&quot;,&quot;size&quot;:3,&quot;sizes&quot;:[]},&quot;type&quot;:&quot;masonry&quot;,&quot;columns_tablet&quot;:{&quot;unit&quot;:&quot;px&quot;,&quot;size&quot;:3,&quot;sizes&quot;:[]},&quot;columns_mobile&quot;:{&quot;unit&quot;:&quot;px&quot;,&quot;size&quot;:2,&quot;sizes&quot;:[]},&quot;columns_gap&quot;:{&quot;unit&quot;:&quot;px&quot;,&quot;size&quot;:10,&quot;sizes&quot;:[]},&quot;columns_gap_tablet&quot;:{&quot;unit&quot;:&quot;px&quot;,&quot;size&quot;:&quot;&quot;,&quot;sizes&quot;:[]},&quot;columns_gap_mobile&quot;:{&quot;unit&quot;:&quot;px&quot;,&quot;size&quot;:&quot;&quot;,&quot;sizes&quot;:[]},&quot;rows_gap&quot;:{&quot;unit&quot;:&quot;px&quot;,&quot;size&quot;:10,&quot;sizes&quot;:[]},&quot;rows_gap_tablet&quot;:{&quot;unit&quot;:&quot;px&quot;,&quot;size&quot;:&quot;&quot;,&quot;sizes&quot;:[]},&quot;rows_gap_mobile&quot;:{&quot;unit&quot;:&quot;px&quot;,&quot;size&quot;:&quot;&quot;,&quot;sizes&quot;:[]}}\" data-widget_type=\"etheme_gallery.default\">\n\t\t\t\t<div class=\"elementor-widget-container\">\n\t\t\t\t\t        \r\n        <div class=\"etheme-gallery-wrapper\">\r\n            \t            \r\n\t            <div class=\"e-gallery etheme-gallery active\" id=\"etheme-gallery-1443\" data-item-settings=\"{&quot;type&quot;:&quot;masonry&quot;}\" data-uniq-id=\"1443\">\r\n                                <div class=\"e-gallery-item etheme-gallery-item\">\r\n                <div class=\"etheme-gallery-item-overlay\">\r\n                    <a data-elementor-open-lightbox=\"yes\" data-elementor-lightbox-slideshow=\"all-584b7318\" data-elementor-lightbox-title=\"cropped-Element-1.png\" data-elementor-lightbox-description=\"https:\/\/www.chantalstantrastudio.com\/wp-content\/uploads\/2019\/05\/cropped-Element-1.png\" data-e-action-hash=\"#elementor-action%3Aaction%3Dlightbox%26settings%3DeyJpZCI6NzIxMCwidXJsIjoiaHR0cHM6XC9cL3d3dy5jaGFudGFsc3RhbnRyYXN0dWRpby5jb21cL3dwLWNvbnRlbnRcL3VwbG9hZHNcLzIwMTlcLzA1XC9jcm9wcGVkLUVsZW1lbnQtMS5wbmciLCJzbGlkZXNob3ciOiJhbGwtNTg0YjczMTgifQ%3D%3D\" class=\"e-gallery-image etheme-gallery-image elementor-gallery-item__image\" data-thumbnail=\"https:\/\/www.chantalstantrastudio.com\/wp-content\/uploads\/2019\/05\/cropped-Element-1.png\" data-width=\"512\" data-height=\"512\" alt=\"\" style=\"background-image: url(&#039;https:\/\/www.chantalstantrastudio.com\/wp-content\/uploads\/2019\/05\/cropped-Element-1.png&#039;)\" href=\"https:\/\/www.chantalstantrastudio.com\/wp-content\/uploads\/2019\/05\/cropped-Element-1.png\"><\/a>\r\n\t                                <\/div>\r\n\t            <span class=\"etheme-gallery-item-details etheme-gallery-item-details-inside with-alignment\"><span class=\"etheme-gallery-lightbox-icon\">\r\n            <svg version=\"1.1\" xmlns=\"http:\/\/www.w3.org\/2000\/svg\" width=\"1em\" height=\"1em\" viewBox=\"0 0 24 24\" fill=\"currentColor\">\r\n                <path d=\"M23.784 22.8l-6.168-6.144c1.584-1.848 2.448-4.176 2.448-6.576 0-5.52-4.488-10.032-10.032-10.032-5.52 0-10.008 4.488-10.008 10.008s4.488 10.032 10.032 10.032c2.424 0 4.728-0.864 6.576-2.472l6.168 6.144c0.144 0.144 0.312 0.216 0.48 0.216s0.336-0.072 0.456-0.192c0.144-0.12 0.216-0.288 0.24-0.48 0-0.192-0.072-0.384-0.192-0.504zM18.696 10.080c0 4.752-3.888 8.64-8.664 8.64-4.752 0-8.64-3.888-8.64-8.664 0-4.752 3.888-8.64 8.664-8.64s8.64 3.888 8.64 8.664z\"><\/path>\r\n            <\/svg>\r\n        <\/span><\/span>\t                        <\/div>\r\n\t                    <\/div>\r\n                    <\/div>\r\n        \r\n        \t\t\t\t<\/div>\n\t\t\t\t<\/div>\n\t\t\t\t<div class=\"elementor-element elementor-element-530fe020 elementor-widget elementor-widget-heading\" data-id=\"530fe020\" data-element_type=\"widget\" data-widget_type=\"heading.default\">\n\t\t\t\t\t<h3 class=\"elementor-heading-title elementor-size-default\">Massagen \/ Spezialit\u00e4ten im \u00dcberblick<\/h3>\t\t\t\t<\/div>\n\t\t\t\t<section class=\"elementor-section elementor-inner-section elementor-element elementor-element-20f56d2 elementor-section-boxed elementor-section-height-default elementor-section-height-default\" data-id=\"20f56d2\" data-element_type=\"section\">\n\t\t\t\t\t\t<div class=\"elementor-container elementor-column-gap-default\">\n\t\t\t\t\t<div class=\"elementor-column elementor-col-50 elementor-inner-column elementor-element elementor-element-2f88235b\" data-id=\"2f88235b\" data-element_type=\"column\">\n\t\t\t<div class=\"elementor-widget-wrap elementor-element-populated\">\n\t\t\t\t\t\t<div class=\"elementor-element elementor-element-269aeee7 elementor-widget elementor-widget-text-editor\" data-id=\"269aeee7\" data-element_type=\"widget\" data-widget_type=\"text-editor.default\">\n\t\t\t\t\t\t\t\t\t<p>Chantra-Massage<br \/>Lingam-VIP-Massage<br \/>Chang\u00e9-Massage<br \/>Chang\u00e9-VIP-Massage<br \/>Chantra-VIP-Massage<br \/>Blind Date-Massage<br \/>Cuddle -experience \u00a0 \u00a0 \u00a0 \u00a0 \u00a0 \u00a0 \u00a0 \u00a0 \u00a0 \u00a0 \u00a0 \u00a0 \u00a0 \u00a0 \u00a0 \u00a0 \u00a0 \u00a0 \u00a0 \u00a0 \u00a0 \u00a0 \u00a0 \u00a0 \u00a0 \u00a0 Tickle-Experience<\/p>\t\t\t\t\t\t\t\t<\/div>\n\t\t\t\t\t<\/div>\n\t\t<\/div>\n\t\t\t\t<div class=\"elementor-column elementor-col-50 elementor-inner-column elementor-element elementor-element-3e36ab6c\" data-id=\"3e36ab6c\" data-element_type=\"column\">\n\t\t\t<div class=\"elementor-widget-wrap elementor-element-populated\">\n\t\t\t\t\t\t<div class=\"elementor-element elementor-element-18145043 elementor-widget elementor-widget-text-editor\" data-id=\"18145043\" data-element_type=\"widget\" data-widget_type=\"text-editor.default\">\n\t\t\t\t\t\t\t\t\t<p>Duo-Massage<br \/>Samen erotische Douchen<br \/>Prostaat-massage<br \/>Ontspannings-massage<br \/>Chantra-VIP-Massage<\/p>\t\t\t\t\t\t\t\t<\/div>\n\t\t\t\t\t<\/div>\n\t\t<\/div>\n\t\t\t\t\t<\/div>\n\t\t<\/section>\n\t\t\t\t\t<\/div>\n\t\t<\/div>\n\t\t\t\t<div class=\"etheme-elementor-sticky-column elementor-column elementor-col-50 elementor-top-column elementor-element elementor-element-4584a72d\" data-id=\"4584a72d\" data-element_type=\"column\" data-settings=\"{&quot;etheme_column_sticky&quot;:&quot;yes&quot;,&quot;etheme_column_sticky_top_offset&quot;:100,&quot;etheme_column_sticky_on&quot;:[&quot;desktop&quot;,&quot;tablet&quot;]}\">\n\t\t\t<div class=\"elementor-widget-wrap elementor-element-populated\">\n\t\t\t\t\t\t<section class=\"elementor-section elementor-inner-section elementor-element elementor-element-6662d38 elementor-section-boxed elementor-section-height-default elementor-section-height-default\" data-id=\"6662d38\" data-element_type=\"section\">\n\t\t\t\t\t\t<div class=\"elementor-container elementor-column-gap-default\">\n\t\t\t\t\t<div class=\"elementor-column elementor-col-100 elementor-inner-column elementor-element elementor-element-792c72ad\" data-id=\"792c72ad\" data-element_type=\"column\">\n\t\t\t<div class=\"elementor-widget-wrap elementor-element-populated\">\n\t\t\t\t\t\t<div class=\"elementor-element elementor-element-578924c4 elementor-widget elementor-widget-image\" data-id=\"578924c4\" data-element_type=\"widget\" data-widget_type=\"image.default\">\n\t\t\t\t\t\t\t\t\t\t\t\t\t\t\t<img loading=\"lazy\" loading=\"lazy\" decoding=\"async\" width=\"74\" height=\"75\" src=\"https:\/\/www.chantalstantrastudio.com\/wp-content\/uploads\/2019\/05\/love-lingerie.png\" class=\"attachment-full size-full wp-image-4433\" alt=\"\" srcset=\"https:\/\/www.chantalstantrastudio.com\/wp-content\/uploads\/2019\/05\/love-lingerie.png 74w, https:\/\/www.chantalstantrastudio.com\/wp-content\/uploads\/2019\/05\/love-lingerie-1x1.png 1w, https:\/\/www.chantalstantrastudio.com\/wp-content\/uploads\/2019\/05\/love-lingerie-10x10.png 10w\" sizes=\"auto, (max-width: 74px) 100vw, 74px\" \/>\t\t\t\t\t\t\t\t\t\t\t\t\t\t\t<\/div>\n\t\t\t\t<div class=\"elementor-element elementor-element-1d2aaeae elementor-widget elementor-widget-heading\" data-id=\"1d2aaeae\" data-element_type=\"widget\" data-widget_type=\"heading.default\">\n\t\t\t\t\t<h2 class=\"elementor-heading-title elementor-size-default\">Termin buchen<\/h2>\t\t\t\t<\/div>\n\t\t\t\t<div class=\"elementor-element elementor-element-85341bc elementor-widget elementor-widget-text-editor\" data-id=\"85341bc\" data-element_type=\"widget\" data-widget_type=\"text-editor.default\">\n\t\t\t\t\t\t\t\t\t<p>buchen Sie einfach und diskret online einen Termin<\/p>\t\t\t\t\t\t\t\t<\/div>\n\t\t\t\t<div class=\"elementor-element elementor-element-67e3c856 text-center elementor-widget elementor-widget-shortcode\" data-id=\"67e3c856\" data-element_type=\"widget\" data-widget_type=\"shortcode.default\">\n\t\t\t\t\t\t\t<div class=\"elementor-shortcode\"><a target=\"_self\" class=\"btn  medium active\" href=\"\/termin-buchen\"><span> Termin buchen<\/span><\/a><\/div>\n\t\t\t\t\t\t<\/div>\n\t\t\t\t\t<\/div>\n\t\t<\/div>\n\t\t\t\t\t<\/div>\n\t\t<\/section>\n\t\t\t\t\t<\/div>\n\t\t<\/div>\n\t\t\t\t\t<\/div>\n\t\t<\/section>\n\t\t\t\t<\/div>\n\t\t","protected":false},"excerpt":{"rendered":"<p>Nieuwe Dames Welkom Zoek jij een leuke werkplek met een goede sfeer? Goede Verdiensten en betere voorwaarden voor jou, dan de &#8220;bekende&#8221; Opting in regeling? zoek dan niet verder en neem contact met ons op! Wij werken onder een &#8220;beschermingswet&#8221; waardoor jij zo goed als geheel &#8220;anoniem&#8221; blijft\/kan werken. Wie weet tot snel! Massagen \/ Spezialit\u00e4ten im \u00dcberblick Chantra-MassageLingam-VIP-MassageChang\u00e9-MassageChang\u00e9-VIP-MassageChantra-VIP-MassageBlind Date-MassageCuddle -experience \u00a0 \u00a0 \u00a0 \u00a0 \u00a0 \u00a0 \u00a0 \u00a0 \u00a0 \u00a0 \u00a0 \u00a0 \u00a0 \u00a0 \u00a0 \u00a0 \u00a0 \u00a0 \u00a0 \u00a0 \u00a0 \u00a0 \u00a0 \u00a0 \u00a0 \u00a0 Tickle-Experience Duo-MassageSamen erotische DouchenProstaat-massageOntspannings-massageChantra-VIP-Massage Termin buchen buchen Sie einfach und diskret online einen<\/p>\n","protected":false},"author":5,"featured_media":7210,"parent":0,"menu_order":0,"comment_status":"closed","ping_status":"closed","template":"","meta":{"_glsr_average":0,"_glsr_ranking":0,"_glsr_reviews":0,"footnotes":""},"class_list":["post-11773","page","type-page","status-publish","has-post-thumbnail","hentry"],"_links":{"self":[{"href":"https:\/\/www.chantalstantrastudio.com\/nl\/wp-json\/wp\/v2\/pages\/11773","targetHints":{"allow":["GET"]}}],"collection":[{"href":"https:\/\/www.chantalstantrastudio.com\/nl\/wp-json\/wp\/v2\/pages"}],"about":[{"href":"https:\/\/www.chantalstantrastudio.com\/nl\/wp-json\/wp\/v2\/types\/page"}],"author":[{"embeddable":true,"href":"https:\/\/www.chantalstantrastudio.com\/nl\/wp-json\/wp\/v2\/users\/5"}],"replies":[{"embeddable":true,"href":"https:\/\/www.chantalstantrastudio.com\/nl\/wp-json\/wp\/v2\/comments?post=11773"}],"version-history":[{"count":10,"href":"https:\/\/www.chantalstantrastudio.com\/nl\/wp-json\/wp\/v2\/pages\/11773\/revisions"}],"predecessor-version":[{"id":13318,"href":"https:\/\/www.chantalstantrastudio.com\/nl\/wp-json\/wp\/v2\/pages\/11773\/revisions\/13318"}],"wp:featuredmedia":[{"embeddable":true,"href":"https:\/\/www.chantalstantrastudio.com\/nl\/wp-json\/wp\/v2\/media\/7210"}],"wp:attachment":[{"href":"https:\/\/www.chantalstantrastudio.com\/nl\/wp-json\/wp\/v2\/media?parent=11773"}],"curies":[{"name":"wp","href":"https:\/\/api.w.org\/{rel}","templated":true}]}}