{"id":11790,"date":"2025-02-28T13:59:46","date_gmt":"2025-02-28T12:59:46","guid":{"rendered":"https:\/\/www.chantalstantrastudio.com\/rubi\/"},"modified":"2026-02-04T15:15:48","modified_gmt":"2026-02-04T14:15:48","slug":"rubi","status":"publish","type":"page","link":"https:\/\/www.chantalstantrastudio.com\/nl\/rubi\/","title":{"rendered":"Rubi"},"content":{"rendered":"\t\t<div data-elementor-type=\"wp-page\" data-elementor-id=\"11790\" class=\"elementor elementor-11790 elementor-11784\" data-elementor-post-type=\"page\">\n\t\t\t\t\t\t<section class=\"elementor-section elementor-top-section elementor-element elementor-element-4d3d67ab elementor-section-boxed elementor-section-height-default elementor-section-height-default\" data-id=\"4d3d67ab\" data-element_type=\"section\">\n\t\t\t\t\t\t<div class=\"elementor-container elementor-column-gap-default\">\n\t\t\t\t\t<div class=\"elementor-column elementor-col-50 elementor-top-column elementor-element elementor-element-1b121446\" data-id=\"1b121446\" data-element_type=\"column\">\n\t\t\t<div class=\"elementor-widget-wrap elementor-element-populated\">\n\t\t\t\t\t\t<div class=\"elementor-element elementor-element-4377fa14 elementor-widget elementor-widget-heading\" data-id=\"4377fa14\" data-element_type=\"widget\" data-widget_type=\"heading.default\">\n\t\t\t\t\t<h2 class=\"elementor-heading-title elementor-size-default\">Rubi<\/h2>\t\t\t\t<\/div>\n\t\t\t\t<section class=\"elementor-section elementor-inner-section elementor-element elementor-element-7894ca41 elementor-section-boxed elementor-section-height-default elementor-section-height-default\" data-id=\"7894ca41\" data-element_type=\"section\">\n\t\t\t\t\t\t<div class=\"elementor-container elementor-column-gap-default\">\n\t\t\t\t\t<div class=\"elementor-column elementor-col-50 elementor-inner-column elementor-element elementor-element-45996ea1\" data-id=\"45996ea1\" data-element_type=\"column\">\n\t\t\t<div class=\"elementor-widget-wrap elementor-element-populated\">\n\t\t\t\t\t\t<div class=\"elementor-element elementor-element-30468754 elementor-widget elementor-widget-text-editor\" data-id=\"30468754\" data-element_type=\"widget\" data-widget_type=\"text-editor.default\">\n\t\t\t\t\t\t\t\t\t<p>Hallo,<\/p><p>Ik ben Rubi, een jonge exotische Dame van midden 20. Ik heb een heerlijk curvy Lichaam, met alle rondingen op de juiste plek..\u00a0<\/p><p>Ik zet mijn mooie ronde billen graag in tijdens een ondeugende body-2-body massage &#8211; shake that ass :-p<\/p><p>Ik heb donker haar, al ben ik hier wat wisselend in :-p, donkerbruine ogen en ik ben licht getint.<\/p><p>Talen: vloeiend Nederlands, een klein beetje Duits, Engels &amp; Spaans<\/p>\t\t\t\t\t\t\t\t<\/div>\n\t\t\t\t\t<\/div>\n\t\t<\/div>\n\t\t\t\t<div class=\"elementor-column elementor-col-50 elementor-inner-column elementor-element elementor-element-61305155\" data-id=\"61305155\" data-element_type=\"column\">\n\t\t\t<div class=\"elementor-widget-wrap elementor-element-populated\">\n\t\t\t\t\t\t<div class=\"elementor-element elementor-element-69e5b9 elementor-widget elementor-widget-theme-post-featured-image elementor-widget-image\" data-id=\"69e5b9\" data-element_type=\"widget\" data-widget_type=\"theme-post-featured-image.default\">\n\t\t\t\t\t\t\t\t\t\t\t\t\t\t\t<img loading=\"lazy\" loading=\"lazy\" decoding=\"async\" width=\"768\" height=\"1024\" src=\"https:\/\/www.chantalstantrastudio.com\/wp-content\/uploads\/2026\/02\/IMG_8357-768x1024.jpeg\" class=\"attachment-large size-large wp-image-13686\" alt=\"\" srcset=\"https:\/\/www.chantalstantrastudio.com\/wp-content\/uploads\/2026\/02\/IMG_8357-768x1024.jpeg 768w, https:\/\/www.chantalstantrastudio.com\/wp-content\/uploads\/2026\/02\/IMG_8357-225x300.jpeg 225w, https:\/\/www.chantalstantrastudio.com\/wp-content\/uploads\/2026\/02\/IMG_8357-1152x1536.jpeg 1152w, https:\/\/www.chantalstantrastudio.com\/wp-content\/uploads\/2026\/02\/IMG_8357-1536x2048.jpeg 1536w, https:\/\/www.chantalstantrastudio.com\/wp-content\/uploads\/2026\/02\/IMG_8357-1x1.jpeg 1w, https:\/\/www.chantalstantrastudio.com\/wp-content\/uploads\/2026\/02\/IMG_8357-7x10.jpeg 7w, https:\/\/www.chantalstantrastudio.com\/wp-content\/uploads\/2026\/02\/IMG_8357-scaled.jpeg 1396w\" sizes=\"auto, (max-width: 768px) 100vw, 768px\" \/>\t\t\t\t\t\t\t\t\t\t\t\t\t\t\t<\/div>\n\t\t\t\t\t<\/div>\n\t\t<\/div>\n\t\t\t\t\t<\/div>\n\t\t<\/section>\n\t\t\t\t<div class=\"elementor-element elementor-element-6b0ff8bb elementor-widget elementor-widget-etheme_gallery\" data-id=\"6b0ff8bb\" data-element_type=\"widget\" data-settings=\"{&quot;columns&quot;:{&quot;unit&quot;:&quot;px&quot;,&quot;size&quot;:3,&quot;sizes&quot;:[]},&quot;type&quot;:&quot;masonry&quot;,&quot;columns_tablet&quot;:{&quot;unit&quot;:&quot;px&quot;,&quot;size&quot;:3,&quot;sizes&quot;:[]},&quot;columns_mobile&quot;:{&quot;unit&quot;:&quot;px&quot;,&quot;size&quot;:2,&quot;sizes&quot;:[]},&quot;columns_gap&quot;:{&quot;unit&quot;:&quot;px&quot;,&quot;size&quot;:10,&quot;sizes&quot;:[]},&quot;columns_gap_tablet&quot;:{&quot;unit&quot;:&quot;px&quot;,&quot;size&quot;:&quot;&quot;,&quot;sizes&quot;:[]},&quot;columns_gap_mobile&quot;:{&quot;unit&quot;:&quot;px&quot;,&quot;size&quot;:&quot;&quot;,&quot;sizes&quot;:[]},&quot;rows_gap&quot;:{&quot;unit&quot;:&quot;px&quot;,&quot;size&quot;:10,&quot;sizes&quot;:[]},&quot;rows_gap_tablet&quot;:{&quot;unit&quot;:&quot;px&quot;,&quot;size&quot;:&quot;&quot;,&quot;sizes&quot;:[]},&quot;rows_gap_mobile&quot;:{&quot;unit&quot;:&quot;px&quot;,&quot;size&quot;:&quot;&quot;,&quot;sizes&quot;:[]}}\" data-widget_type=\"etheme_gallery.default\">\n\t\t\t\t<div class=\"elementor-widget-container\">\n\t\t\t\t\t        \r\n        <div class=\"etheme-gallery-wrapper\">\r\n            \t            \r\n\t            <div class=\"e-gallery etheme-gallery active\" id=\"etheme-gallery-501\" data-item-settings=\"{&quot;type&quot;:&quot;masonry&quot;}\" data-uniq-id=\"501\">\r\n                                <div class=\"e-gallery-item etheme-gallery-item\">\r\n                <div class=\"etheme-gallery-item-overlay\">\r\n                    <a data-elementor-open-lightbox=\"yes\" data-elementor-lightbox-slideshow=\"all-6b0ff8bb\" data-elementor-lightbox-title=\"IMG_7046\" data-e-action-hash=\"#elementor-action%3Aaction%3Dlightbox%26settings%3DeyJpZCI6MTI3ODgsInVybCI6Imh0dHBzOlwvXC93d3cuY2hhbnRhbHN0YW50cmFzdHVkaW8uY29tXC93cC1jb250ZW50XC91cGxvYWRzXC8yMDI1XC8wOVwvSU1HXzcwNDYtc2NhbGVkLmpwZWciLCJzbGlkZXNob3ciOiJhbGwtNmIwZmY4YmIifQ%3D%3D\" class=\"e-gallery-image etheme-gallery-image elementor-gallery-item__image\" data-thumbnail=\"https:\/\/www.chantalstantrastudio.com\/wp-content\/uploads\/2025\/09\/IMG_7046-scaled.jpeg\" data-width=\"1862\" data-height=\"1397\" alt=\"\" style=\"background-image: url(&#039;https:\/\/www.chantalstantrastudio.com\/wp-content\/uploads\/2025\/09\/IMG_7046-scaled.jpeg&#039;)\" href=\"https:\/\/www.chantalstantrastudio.com\/wp-content\/uploads\/2025\/09\/IMG_7046-scaled.jpeg\"><\/a>\r\n\t                                <\/div>\r\n\t            <span class=\"etheme-gallery-item-details etheme-gallery-item-details-inside with-alignment\"><span class=\"etheme-gallery-lightbox-icon\">\r\n            <svg version=\"1.1\" xmlns=\"http:\/\/www.w3.org\/2000\/svg\" width=\"1em\" height=\"1em\" viewBox=\"0 0 24 24\" fill=\"currentColor\">\r\n                <path d=\"M23.784 22.8l-6.168-6.144c1.584-1.848 2.448-4.176 2.448-6.576 0-5.52-4.488-10.032-10.032-10.032-5.52 0-10.008 4.488-10.008 10.008s4.488 10.032 10.032 10.032c2.424 0 4.728-0.864 6.576-2.472l6.168 6.144c0.144 0.144 0.312 0.216 0.48 0.216s0.336-0.072 0.456-0.192c0.144-0.12 0.216-0.288 0.24-0.48 0-0.192-0.072-0.384-0.192-0.504zM18.696 10.080c0 4.752-3.888 8.64-8.664 8.64-4.752 0-8.64-3.888-8.64-8.664 0-4.752 3.888-8.64 8.664-8.64s8.64 3.888 8.64 8.664z\"><\/path>\r\n            <\/svg>\r\n        <\/span><\/span>\t                        <\/div>\r\n\t                <div class=\"e-gallery-item etheme-gallery-item\">\r\n                <div class=\"etheme-gallery-item-overlay\">\r\n                    <a data-elementor-open-lightbox=\"yes\" data-elementor-lightbox-slideshow=\"all-6b0ff8bb\" data-elementor-lightbox-title=\"IMG_8357\" data-e-action-hash=\"#elementor-action%3Aaction%3Dlightbox%26settings%3DeyJpZCI6MTM2ODYsInVybCI6Imh0dHBzOlwvXC93d3cuY2hhbnRhbHN0YW50cmFzdHVkaW8uY29tXC93cC1jb250ZW50XC91cGxvYWRzXC8yMDI2XC8wMlwvSU1HXzgzNTctc2NhbGVkLmpwZWciLCJzbGlkZXNob3ciOiJhbGwtNmIwZmY4YmIifQ%3D%3D\" class=\"e-gallery-image etheme-gallery-image elementor-gallery-item__image\" data-thumbnail=\"https:\/\/www.chantalstantrastudio.com\/wp-content\/uploads\/2026\/02\/IMG_8357-scaled.jpeg\" data-width=\"1396\" data-height=\"1862\" alt=\"\" style=\"background-image: url(&#039;https:\/\/www.chantalstantrastudio.com\/wp-content\/uploads\/2026\/02\/IMG_8357-scaled.jpeg&#039;)\" href=\"https:\/\/www.chantalstantrastudio.com\/wp-content\/uploads\/2026\/02\/IMG_8357-scaled.jpeg\"><\/a>\r\n\t                                <\/div>\r\n\t            <span class=\"etheme-gallery-item-details etheme-gallery-item-details-inside with-alignment\"><span class=\"etheme-gallery-lightbox-icon\">\r\n            <svg version=\"1.1\" xmlns=\"http:\/\/www.w3.org\/2000\/svg\" width=\"1em\" height=\"1em\" viewBox=\"0 0 24 24\" fill=\"currentColor\">\r\n                <path d=\"M23.784 22.8l-6.168-6.144c1.584-1.848 2.448-4.176 2.448-6.576 0-5.52-4.488-10.032-10.032-10.032-5.52 0-10.008 4.488-10.008 10.008s4.488 10.032 10.032 10.032c2.424 0 4.728-0.864 6.576-2.472l6.168 6.144c0.144 0.144 0.312 0.216 0.48 0.216s0.336-0.072 0.456-0.192c0.144-0.12 0.216-0.288 0.24-0.48 0-0.192-0.072-0.384-0.192-0.504zM18.696 10.080c0 4.752-3.888 8.64-8.664 8.64-4.752 0-8.64-3.888-8.64-8.664 0-4.752 3.888-8.64 8.664-8.64s8.64 3.888 8.64 8.664z\"><\/path>\r\n            <\/svg>\r\n        <\/span><\/span>\t                        <\/div>\r\n\t                <div class=\"e-gallery-item etheme-gallery-item\">\r\n                <div class=\"etheme-gallery-item-overlay\">\r\n                    <a data-elementor-open-lightbox=\"yes\" data-elementor-lightbox-slideshow=\"all-6b0ff8bb\" data-elementor-lightbox-title=\"IMG_7054\" data-e-action-hash=\"#elementor-action%3Aaction%3Dlightbox%26settings%3DeyJpZCI6MTI3ODQsInVybCI6Imh0dHBzOlwvXC93d3cuY2hhbnRhbHN0YW50cmFzdHVkaW8uY29tXC93cC1jb250ZW50XC91cGxvYWRzXC8yMDI1XC8wOVwvSU1HXzcwNTQtc2NhbGVkLmpwZWciLCJzbGlkZXNob3ciOiJhbGwtNmIwZmY4YmIifQ%3D%3D\" class=\"e-gallery-image etheme-gallery-image elementor-gallery-item__image\" data-thumbnail=\"https:\/\/www.chantalstantrastudio.com\/wp-content\/uploads\/2025\/09\/IMG_7054-scaled.jpeg\" data-width=\"1862\" data-height=\"1565\" alt=\"\" style=\"background-image: url(&#039;https:\/\/www.chantalstantrastudio.com\/wp-content\/uploads\/2025\/09\/IMG_7054-scaled.jpeg&#039;)\" href=\"https:\/\/www.chantalstantrastudio.com\/wp-content\/uploads\/2025\/09\/IMG_7054-scaled.jpeg\"><\/a>\r\n\t                                <\/div>\r\n\t            <span class=\"etheme-gallery-item-details etheme-gallery-item-details-inside with-alignment\"><span class=\"etheme-gallery-lightbox-icon\">\r\n            <svg version=\"1.1\" xmlns=\"http:\/\/www.w3.org\/2000\/svg\" width=\"1em\" height=\"1em\" viewBox=\"0 0 24 24\" fill=\"currentColor\">\r\n                <path d=\"M23.784 22.8l-6.168-6.144c1.584-1.848 2.448-4.176 2.448-6.576 0-5.52-4.488-10.032-10.032-10.032-5.52 0-10.008 4.488-10.008 10.008s4.488 10.032 10.032 10.032c2.424 0 4.728-0.864 6.576-2.472l6.168 6.144c0.144 0.144 0.312 0.216 0.48 0.216s0.336-0.072 0.456-0.192c0.144-0.12 0.216-0.288 0.24-0.48 0-0.192-0.072-0.384-0.192-0.504zM18.696 10.080c0 4.752-3.888 8.64-8.664 8.64-4.752 0-8.64-3.888-8.64-8.664 0-4.752 3.888-8.64 8.664-8.64s8.64 3.888 8.64 8.664z\"><\/path>\r\n            <\/svg>\r\n        <\/span><\/span>\t                        <\/div>\r\n\t                    <\/div>\r\n                    <\/div>\r\n        \r\n        \t\t\t\t<\/div>\n\t\t\t\t<\/div>\n\t\t\t\t<div class=\"elementor-element elementor-element-59103b23 elementor-widget elementor-widget-heading\" data-id=\"59103b23\" data-element_type=\"widget\" data-widget_type=\"heading.default\">\n\t\t\t\t\t<h3 class=\"elementor-heading-title elementor-size-default\">Massagen \/ Spezialit\u00e4ten im \u00dcberblick<\/h3>\t\t\t\t<\/div>\n\t\t\t\t<section class=\"elementor-section elementor-inner-section elementor-element elementor-element-329fa9eb elementor-section-boxed elementor-section-height-default elementor-section-height-default\" data-id=\"329fa9eb\" data-element_type=\"section\">\n\t\t\t\t\t\t<div class=\"elementor-container elementor-column-gap-default\">\n\t\t\t\t\t<div class=\"elementor-column elementor-col-50 elementor-inner-column elementor-element elementor-element-4928a410\" data-id=\"4928a410\" data-element_type=\"column\">\n\t\t\t<div class=\"elementor-widget-wrap elementor-element-populated\">\n\t\t\t\t\t\t<div class=\"elementor-element elementor-element-b2753fd elementor-widget elementor-widget-text-editor\" data-id=\"b2753fd\" data-element_type=\"widget\" data-widget_type=\"text-editor.default\">\n\t\t\t\t\t\t\t\t\t<p>Chantra-Massage<br \/>Lingam-VIP-Massage<br \/>Chang\u00e9-Massage<br \/>Chang\u00e9-VIP-Massage<br \/>Surprise Massage<br \/>50 Shades of Grey-Massage<br \/>Chantra-VIP-Massage<br \/>Blind Date-Massage<br \/>Cuddle-Experience \u00a0 \u00a0 \u00a0 \u00a0 \u00a0 \u00a0 \u00a0 \u00a0 \u00a0 \u00a0 \u00a0 \u00a0 \u00a0 \u00a0 \u00a0 \u00a0 \u00a0 \u00a0 \u00a0 \u00a0 \u00a0 \u00a0 \u00a0 \u00a0 \u00a0 \u00a0 Tickle-Experience \u00a0 \u00a0 \u00a0 \u00a0 \u00a0<\/p>\t\t\t\t\t\t\t\t<\/div>\n\t\t\t\t\t<\/div>\n\t\t<\/div>\n\t\t\t\t<div class=\"elementor-column elementor-col-50 elementor-inner-column elementor-element elementor-element-3dc6570b\" data-id=\"3dc6570b\" data-element_type=\"column\">\n\t\t\t<div class=\"elementor-widget-wrap elementor-element-populated\">\n\t\t\t\t\t\t<div class=\"elementor-element elementor-element-a2da8cd elementor-widget elementor-widget-text-editor\" data-id=\"a2da8cd\" data-element_type=\"widget\" data-widget_type=\"text-editor.default\">\n\t\t\t\t\t\t\t\t\t<p>Duo-Massage<br \/>Paarmassage mit einer Masseurin<br \/>Chantra-Yoni-VIP-Massage voor de vrouw<br \/>Paarmassage<br \/>Gemeinsames erotisches Duschen<br \/>Prostaat-massage<br \/>Ontspannings massage<br \/>Chantra-VIP-Massage<br \/>Blind Date-Massage<br \/>cuddle experience<br \/>Soft Dominanz-Massage<\/p>\t\t\t\t\t\t\t\t<\/div>\n\t\t\t\t\t<\/div>\n\t\t<\/div>\n\t\t\t\t\t<\/div>\n\t\t<\/section>\n\t\t\t\t\t<\/div>\n\t\t<\/div>\n\t\t\t\t<div class=\"etheme-elementor-sticky-column elementor-column elementor-col-50 elementor-top-column elementor-element elementor-element-3eae2f03\" data-id=\"3eae2f03\" data-element_type=\"column\" data-settings=\"{&quot;etheme_column_sticky&quot;:&quot;yes&quot;,&quot;etheme_column_sticky_top_offset&quot;:100,&quot;etheme_column_sticky_on&quot;:[&quot;desktop&quot;,&quot;tablet&quot;]}\">\n\t\t\t<div class=\"elementor-widget-wrap elementor-element-populated\">\n\t\t\t\t\t\t<section class=\"elementor-section elementor-inner-section elementor-element elementor-element-11f1dd6d elementor-section-boxed elementor-section-height-default elementor-section-height-default\" data-id=\"11f1dd6d\" data-element_type=\"section\">\n\t\t\t\t\t\t<div class=\"elementor-container elementor-column-gap-default\">\n\t\t\t\t\t<div class=\"elementor-column elementor-col-100 elementor-inner-column elementor-element elementor-element-1acb67d5\" data-id=\"1acb67d5\" data-element_type=\"column\">\n\t\t\t<div class=\"elementor-widget-wrap elementor-element-populated\">\n\t\t\t\t\t\t<div class=\"elementor-element elementor-element-6ef9158e elementor-widget elementor-widget-image\" data-id=\"6ef9158e\" data-element_type=\"widget\" data-widget_type=\"image.default\">\n\t\t\t\t\t\t\t\t\t\t\t\t\t\t\t<img loading=\"lazy\" loading=\"lazy\" decoding=\"async\" width=\"74\" height=\"75\" src=\"https:\/\/www.chantalstantrastudio.com\/wp-content\/uploads\/2019\/05\/love-lingerie.png\" class=\"attachment-full size-full wp-image-4433\" alt=\"\" srcset=\"https:\/\/www.chantalstantrastudio.com\/wp-content\/uploads\/2019\/05\/love-lingerie.png 74w, https:\/\/www.chantalstantrastudio.com\/wp-content\/uploads\/2019\/05\/love-lingerie-1x1.png 1w, https:\/\/www.chantalstantrastudio.com\/wp-content\/uploads\/2019\/05\/love-lingerie-10x10.png 10w\" sizes=\"auto, (max-width: 74px) 100vw, 74px\" \/>\t\t\t\t\t\t\t\t\t\t\t\t\t\t\t<\/div>\n\t\t\t\t<div class=\"elementor-element elementor-element-79eaae63 elementor-widget elementor-widget-heading\" data-id=\"79eaae63\" data-element_type=\"widget\" data-widget_type=\"heading.default\">\n\t\t\t\t\t<h2 class=\"elementor-heading-title elementor-size-default\">Termin buchen<\/h2>\t\t\t\t<\/div>\n\t\t\t\t<div class=\"elementor-element elementor-element-72e0338a elementor-widget elementor-widget-text-editor\" data-id=\"72e0338a\" data-element_type=\"widget\" data-widget_type=\"text-editor.default\">\n\t\t\t\t\t\t\t\t\t<p>buchen Sie einfach und diskret online einen Termin<\/p>\n\t\t\t\t\t\t\t\t<\/div>\n\t\t\t\t<div class=\"elementor-element elementor-element-1907edf7 text-center elementor-widget elementor-widget-shortcode\" data-id=\"1907edf7\" data-element_type=\"widget\" data-widget_type=\"shortcode.default\">\n\t\t\t\t\t\t\t<div class=\"elementor-shortcode\"><a target=\"_self\" class=\"btn  medium active\" href=\"\/termin-buchen\"><span> Termin buchen<\/span><\/a><\/div>\n\t\t\t\t\t\t<\/div>\n\t\t\t\t\t<\/div>\n\t\t<\/div>\n\t\t\t\t\t<\/div>\n\t\t<\/section>\n\t\t\t\t\t<\/div>\n\t\t<\/div>\n\t\t\t\t\t<\/div>\n\t\t<\/section>\n\t\t\t\t<\/div>\n\t\t","protected":false},"excerpt":{"rendered":"<p>Rubi Hallo, Ik ben Rubi, een jonge exotische Dame van midden 20. Ik heb een heerlijk curvy Lichaam, met alle rondingen op de juiste plek..\u00a0 Ik zet mijn mooie ronde billen graag in tijdens een ondeugende body-2-body massage &#8211; shake that ass :-p Ik heb donker haar, al ben ik hier wat wisselend in :-p, donkerbruine ogen en ik ben licht getint. Talen: vloeiend Nederlands, een klein beetje Duits, Engels &amp; Spaans Massagen \/ Spezialit\u00e4ten im \u00dcberblick Chantra-MassageLingam-VIP-MassageChang\u00e9-MassageChang\u00e9-VIP-MassageSurprise Massage50 Shades of Grey-MassageChantra-VIP-MassageBlind Date-MassageCuddle-Experience \u00a0 \u00a0 \u00a0 \u00a0 \u00a0 \u00a0 \u00a0 \u00a0 \u00a0 \u00a0 \u00a0 \u00a0 \u00a0 \u00a0 \u00a0 \u00a0 \u00a0<\/p>\n","protected":false},"author":5,"featured_media":13686,"parent":0,"menu_order":0,"comment_status":"closed","ping_status":"closed","template":"","meta":{"_glsr_average":0,"_glsr_ranking":0,"_glsr_reviews":0,"footnotes":""},"class_list":["post-11790","page","type-page","status-publish","has-post-thumbnail","hentry"],"_links":{"self":[{"href":"https:\/\/www.chantalstantrastudio.com\/nl\/wp-json\/wp\/v2\/pages\/11790","targetHints":{"allow":["GET"]}}],"collection":[{"href":"https:\/\/www.chantalstantrastudio.com\/nl\/wp-json\/wp\/v2\/pages"}],"about":[{"href":"https:\/\/www.chantalstantrastudio.com\/nl\/wp-json\/wp\/v2\/types\/page"}],"author":[{"embeddable":true,"href":"https:\/\/www.chantalstantrastudio.com\/nl\/wp-json\/wp\/v2\/users\/5"}],"replies":[{"embeddable":true,"href":"https:\/\/www.chantalstantrastudio.com\/nl\/wp-json\/wp\/v2\/comments?post=11790"}],"version-history":[{"count":10,"href":"https:\/\/www.chantalstantrastudio.com\/nl\/wp-json\/wp\/v2\/pages\/11790\/revisions"}],"predecessor-version":[{"id":13692,"href":"https:\/\/www.chantalstantrastudio.com\/nl\/wp-json\/wp\/v2\/pages\/11790\/revisions\/13692"}],"wp:featuredmedia":[{"embeddable":true,"href":"https:\/\/www.chantalstantrastudio.com\/nl\/wp-json\/wp\/v2\/media\/13686"}],"wp:attachment":[{"href":"https:\/\/www.chantalstantrastudio.com\/nl\/wp-json\/wp\/v2\/media?parent=11790"}],"curies":[{"name":"wp","href":"https:\/\/api.w.org\/{rel}","templated":true}]}}