{"id":12306,"date":"2023-10-10T14:15:55","date_gmt":"2023-10-10T12:15:55","guid":{"rendered":"https:\/\/www.chantalstantrastudio.com\/?page_id=12306"},"modified":"2025-04-28T16:15:51","modified_gmt":"2025-04-28T14:15:51","slug":"sanne-3","status":"publish","type":"page","link":"https:\/\/www.chantalstantrastudio.com\/nl\/dames\/sanne-3\/","title":{"rendered":"Sanne"},"content":{"rendered":"\t\t<div data-elementor-type=\"wp-page\" data-elementor-id=\"12306\" class=\"elementor elementor-12306 elementor-5460\" data-elementor-post-type=\"page\">\n\t\t\t\t\t\t<section class=\"elementor-section elementor-top-section elementor-element elementor-element-5b92d17b elementor-section-boxed elementor-section-height-default elementor-section-height-default\" data-id=\"5b92d17b\" data-element_type=\"section\">\n\t\t\t\t\t\t<div class=\"elementor-container elementor-column-gap-default\">\n\t\t\t\t\t<div class=\"elementor-column elementor-col-50 elementor-top-column elementor-element elementor-element-222a4d67\" data-id=\"222a4d67\" data-element_type=\"column\">\n\t\t\t<div class=\"elementor-widget-wrap elementor-element-populated\">\n\t\t\t\t\t\t<div class=\"elementor-element elementor-element-5af4e7ae elementor-widget elementor-widget-heading\" data-id=\"5af4e7ae\" data-element_type=\"widget\" data-widget_type=\"heading.default\">\n\t\t\t\t\t<h2 class=\"elementor-heading-title elementor-size-default\">Sanne<\/h2>\t\t\t\t<\/div>\n\t\t\t\t<section class=\"elementor-section elementor-inner-section elementor-element elementor-element-65fd1c33 elementor-section-boxed elementor-section-height-default elementor-section-height-default\" data-id=\"65fd1c33\" data-element_type=\"section\">\n\t\t\t\t\t\t<div class=\"elementor-container elementor-column-gap-default\">\n\t\t\t\t\t<div class=\"elementor-column elementor-col-50 elementor-inner-column elementor-element elementor-element-5db06c2f\" data-id=\"5db06c2f\" data-element_type=\"column\">\n\t\t\t<div class=\"elementor-widget-wrap elementor-element-populated\">\n\t\t\t\t\t\t<div class=\"elementor-element elementor-element-3d9344ed elementor-widget elementor-widget-text-editor\" data-id=\"3d9344ed\" data-element_type=\"widget\" data-widget_type=\"text-editor.default\">\n\t\t\t\t\t\t\t\t\t<p><strong>Hallo mannen, vrouwen en stellen,<\/strong><\/p><p>Ik ben Sanne, een knappe, slanke Nederlandse dame van begin 40, met rood haar en ondeugende groene ogen.<\/p><p>Ik hou van het massagespel, het plagen en het verwennen!<br \/>Zullen we samen een heerlijk heet massage-avontuur beleven?<\/p><p><strong>XXX Sanne<\/strong><\/p><p><strong>Talen:<\/strong> Nederlands, Duits, Engels<\/p>\t\t\t\t\t\t\t\t<\/div>\n\t\t\t\t\t<\/div>\n\t\t<\/div>\n\t\t\t\t<div class=\"elementor-column elementor-col-50 elementor-inner-column elementor-element elementor-element-be3425d\" data-id=\"be3425d\" data-element_type=\"column\">\n\t\t\t<div class=\"elementor-widget-wrap elementor-element-populated\">\n\t\t\t\t\t\t<div class=\"elementor-element elementor-element-1c61b954 elementor-widget elementor-widget-theme-post-featured-image elementor-widget-image\" data-id=\"1c61b954\" data-element_type=\"widget\" data-widget_type=\"theme-post-featured-image.default\">\n\t\t\t\t\t\t\t\t\t\t\t\t\t\t\t<img loading=\"lazy\" loading=\"lazy\" decoding=\"async\" width=\"683\" height=\"1024\" src=\"https:\/\/www.chantalstantrastudio.com\/wp-content\/uploads\/2023\/10\/IMG_1551-977-scaled-1-683x1024.jpg\" class=\"attachment-large size-large wp-image-6075\" alt=\"\" srcset=\"https:\/\/www.chantalstantrastudio.com\/wp-content\/uploads\/2023\/10\/IMG_1551-977-scaled-1-683x1024.jpg 683w, https:\/\/www.chantalstantrastudio.com\/wp-content\/uploads\/2023\/10\/IMG_1551-977-scaled-1-200x300.jpg 200w, https:\/\/www.chantalstantrastudio.com\/wp-content\/uploads\/2023\/10\/IMG_1551-977-scaled-1-768x1152.jpg 768w, https:\/\/www.chantalstantrastudio.com\/wp-content\/uploads\/2023\/10\/IMG_1551-977-scaled-1-1024x1536.jpg 1024w, https:\/\/www.chantalstantrastudio.com\/wp-content\/uploads\/2023\/10\/IMG_1551-977-scaled-1-1366x2048.jpg 1366w, https:\/\/www.chantalstantrastudio.com\/wp-content\/uploads\/2023\/10\/IMG_1551-977-scaled-1-1x1.jpg 1w, https:\/\/www.chantalstantrastudio.com\/wp-content\/uploads\/2023\/10\/IMG_1551-977-scaled-1-7x10.jpg 7w, https:\/\/www.chantalstantrastudio.com\/wp-content\/uploads\/2023\/10\/IMG_1551-977-scaled-1.jpg 1707w\" sizes=\"auto, (max-width: 683px) 100vw, 683px\" \/>\t\t\t\t\t\t\t\t\t\t\t\t\t\t\t<\/div>\n\t\t\t\t\t<\/div>\n\t\t<\/div>\n\t\t\t\t\t<\/div>\n\t\t<\/section>\n\t\t\t\t<div class=\"elementor-element elementor-element-3a7479fc elementor-widget elementor-widget-etheme_gallery\" data-id=\"3a7479fc\" data-element_type=\"widget\" data-settings=\"{&quot;columns&quot;:{&quot;unit&quot;:&quot;px&quot;,&quot;size&quot;:3,&quot;sizes&quot;:[]},&quot;type&quot;:&quot;masonry&quot;,&quot;columns_tablet&quot;:{&quot;unit&quot;:&quot;px&quot;,&quot;size&quot;:3,&quot;sizes&quot;:[]},&quot;columns_mobile&quot;:{&quot;unit&quot;:&quot;px&quot;,&quot;size&quot;:2,&quot;sizes&quot;:[]},&quot;columns_gap&quot;:{&quot;unit&quot;:&quot;px&quot;,&quot;size&quot;:10,&quot;sizes&quot;:[]},&quot;columns_gap_tablet&quot;:{&quot;unit&quot;:&quot;px&quot;,&quot;size&quot;:&quot;&quot;,&quot;sizes&quot;:[]},&quot;columns_gap_mobile&quot;:{&quot;unit&quot;:&quot;px&quot;,&quot;size&quot;:&quot;&quot;,&quot;sizes&quot;:[]},&quot;rows_gap&quot;:{&quot;unit&quot;:&quot;px&quot;,&quot;size&quot;:10,&quot;sizes&quot;:[]},&quot;rows_gap_tablet&quot;:{&quot;unit&quot;:&quot;px&quot;,&quot;size&quot;:&quot;&quot;,&quot;sizes&quot;:[]},&quot;rows_gap_mobile&quot;:{&quot;unit&quot;:&quot;px&quot;,&quot;size&quot;:&quot;&quot;,&quot;sizes&quot;:[]}}\" data-widget_type=\"etheme_gallery.default\">\n\t\t\t\t<div class=\"elementor-widget-container\">\n\t\t\t\t\t        \r\n        <div class=\"etheme-gallery-wrapper\">\r\n            \t            \r\n\t            <div class=\"e-gallery etheme-gallery active\" id=\"etheme-gallery-8387\" data-item-settings=\"{&quot;type&quot;:&quot;masonry&quot;}\" data-uniq-id=\"8387\">\r\n                                <div class=\"e-gallery-item etheme-gallery-item\">\r\n                <div class=\"etheme-gallery-item-overlay\">\r\n                    <a data-elementor-open-lightbox=\"yes\" data-elementor-lightbox-slideshow=\"all-3a7479fc\" data-elementor-lightbox-title=\"IMG_1543-976-scaled\" data-e-action-hash=\"#elementor-action%3Aaction%3Dlightbox%26settings%3DeyJpZCI6NTQ4MCwidXJsIjoiaHR0cHM6XC9cL3d3dy5jaGFudGFsc3RhbnRyYXN0dWRpby5jb21cL3dwLWNvbnRlbnRcL3VwbG9hZHNcLzIwMjNcLzEwXC9JTUdfMTU0My05NzYtc2NhbGVkLTEuanBnIiwic2xpZGVzaG93IjoiYWxsLTNhNzQ3OWZjIn0%3D\" class=\"e-gallery-image etheme-gallery-image elementor-gallery-item__image\" data-thumbnail=\"https:\/\/www.chantalstantrastudio.com\/wp-content\/uploads\/2023\/10\/IMG_1543-976-scaled-1.jpg\" data-width=\"1067\" data-height=\"1600\" alt=\"\" style=\"background-image: url(&#039;https:\/\/www.chantalstantrastudio.com\/wp-content\/uploads\/2023\/10\/IMG_1543-976-scaled-1.jpg&#039;)\" href=\"https:\/\/www.chantalstantrastudio.com\/wp-content\/uploads\/2023\/10\/IMG_1543-976-scaled-1.jpg\"><\/a>\r\n\t                                <\/div>\r\n\t            <span class=\"etheme-gallery-item-details etheme-gallery-item-details-inside with-alignment\"><span class=\"etheme-gallery-lightbox-icon\">\r\n            <svg version=\"1.1\" xmlns=\"http:\/\/www.w3.org\/2000\/svg\" width=\"1em\" height=\"1em\" viewBox=\"0 0 24 24\" fill=\"currentColor\">\r\n                <path d=\"M23.784 22.8l-6.168-6.144c1.584-1.848 2.448-4.176 2.448-6.576 0-5.52-4.488-10.032-10.032-10.032-5.52 0-10.008 4.488-10.008 10.008s4.488 10.032 10.032 10.032c2.424 0 4.728-0.864 6.576-2.472l6.168 6.144c0.144 0.144 0.312 0.216 0.48 0.216s0.336-0.072 0.456-0.192c0.144-0.12 0.216-0.288 0.24-0.48 0-0.192-0.072-0.384-0.192-0.504zM18.696 10.080c0 4.752-3.888 8.64-8.664 8.64-4.752 0-8.64-3.888-8.64-8.664 0-4.752 3.888-8.64 8.664-8.64s8.64 3.888 8.64 8.664z\"><\/path>\r\n            <\/svg>\r\n        <\/span><\/span>\t                        <\/div>\r\n\t                <div class=\"e-gallery-item etheme-gallery-item\">\r\n                <div class=\"etheme-gallery-item-overlay\">\r\n                    <a data-elementor-open-lightbox=\"yes\" data-elementor-lightbox-slideshow=\"all-3a7479fc\" data-elementor-lightbox-title=\"IMG_1564-979-scaled\" data-e-action-hash=\"#elementor-action%3Aaction%3Dlightbox%26settings%3DeyJpZCI6NTQ3OSwidXJsIjoiaHR0cHM6XC9cL3d3dy5jaGFudGFsc3RhbnRyYXN0dWRpby5jb21cL3dwLWNvbnRlbnRcL3VwbG9hZHNcLzIwMjNcLzEwXC9JTUdfMTU2NC05Nzktc2NhbGVkLTEuanBnIiwic2xpZGVzaG93IjoiYWxsLTNhNzQ3OWZjIn0%3D\" class=\"e-gallery-image etheme-gallery-image elementor-gallery-item__image\" data-thumbnail=\"https:\/\/www.chantalstantrastudio.com\/wp-content\/uploads\/2023\/10\/IMG_1564-979-scaled-1.jpg\" data-width=\"1067\" data-height=\"1600\" alt=\"\" style=\"background-image: url(&#039;https:\/\/www.chantalstantrastudio.com\/wp-content\/uploads\/2023\/10\/IMG_1564-979-scaled-1.jpg&#039;)\" href=\"https:\/\/www.chantalstantrastudio.com\/wp-content\/uploads\/2023\/10\/IMG_1564-979-scaled-1.jpg\"><\/a>\r\n\t                                <\/div>\r\n\t            <span class=\"etheme-gallery-item-details etheme-gallery-item-details-inside with-alignment\"><span class=\"etheme-gallery-lightbox-icon\">\r\n            <svg version=\"1.1\" xmlns=\"http:\/\/www.w3.org\/2000\/svg\" width=\"1em\" height=\"1em\" viewBox=\"0 0 24 24\" fill=\"currentColor\">\r\n                <path d=\"M23.784 22.8l-6.168-6.144c1.584-1.848 2.448-4.176 2.448-6.576 0-5.52-4.488-10.032-10.032-10.032-5.52 0-10.008 4.488-10.008 10.008s4.488 10.032 10.032 10.032c2.424 0 4.728-0.864 6.576-2.472l6.168 6.144c0.144 0.144 0.312 0.216 0.48 0.216s0.336-0.072 0.456-0.192c0.144-0.12 0.216-0.288 0.24-0.48 0-0.192-0.072-0.384-0.192-0.504zM18.696 10.080c0 4.752-3.888 8.64-8.664 8.64-4.752 0-8.64-3.888-8.64-8.664 0-4.752 3.888-8.64 8.664-8.64s8.64 3.888 8.64 8.664z\"><\/path>\r\n            <\/svg>\r\n        <\/span><\/span>\t                        <\/div>\r\n\t                <div class=\"e-gallery-item etheme-gallery-item\">\r\n                <div class=\"etheme-gallery-item-overlay\">\r\n                    <a data-elementor-open-lightbox=\"yes\" data-elementor-lightbox-slideshow=\"all-3a7479fc\" data-elementor-lightbox-title=\"IMG_1551-977-scaled\" data-e-action-hash=\"#elementor-action%3Aaction%3Dlightbox%26settings%3DeyJpZCI6NTQ3OCwidXJsIjoiaHR0cHM6XC9cL3d3dy5jaGFudGFsc3RhbnRyYXN0dWRpby5jb21cL3dwLWNvbnRlbnRcL3VwbG9hZHNcLzIwMjNcLzEwXC9JTUdfMTU1MS05Nzctc2NhbGVkLTEuanBnIiwic2xpZGVzaG93IjoiYWxsLTNhNzQ3OWZjIn0%3D\" class=\"e-gallery-image etheme-gallery-image elementor-gallery-item__image\" data-thumbnail=\"https:\/\/www.chantalstantrastudio.com\/wp-content\/uploads\/2023\/10\/IMG_1551-977-scaled-1.jpg\" data-width=\"1067\" data-height=\"1600\" alt=\"\" style=\"background-image: url(&#039;https:\/\/www.chantalstantrastudio.com\/wp-content\/uploads\/2023\/10\/IMG_1551-977-scaled-1.jpg&#039;)\" href=\"https:\/\/www.chantalstantrastudio.com\/wp-content\/uploads\/2023\/10\/IMG_1551-977-scaled-1.jpg\"><\/a>\r\n\t                                <\/div>\r\n\t            <span class=\"etheme-gallery-item-details etheme-gallery-item-details-inside with-alignment\"><span class=\"etheme-gallery-lightbox-icon\">\r\n            <svg version=\"1.1\" xmlns=\"http:\/\/www.w3.org\/2000\/svg\" width=\"1em\" height=\"1em\" viewBox=\"0 0 24 24\" fill=\"currentColor\">\r\n                <path d=\"M23.784 22.8l-6.168-6.144c1.584-1.848 2.448-4.176 2.448-6.576 0-5.52-4.488-10.032-10.032-10.032-5.52 0-10.008 4.488-10.008 10.008s4.488 10.032 10.032 10.032c2.424 0 4.728-0.864 6.576-2.472l6.168 6.144c0.144 0.144 0.312 0.216 0.48 0.216s0.336-0.072 0.456-0.192c0.144-0.12 0.216-0.288 0.24-0.48 0-0.192-0.072-0.384-0.192-0.504zM18.696 10.080c0 4.752-3.888 8.64-8.664 8.64-4.752 0-8.64-3.888-8.64-8.664 0-4.752 3.888-8.64 8.664-8.64s8.64 3.888 8.64 8.664z\"><\/path>\r\n            <\/svg>\r\n        <\/span><\/span>\t                        <\/div>\r\n\t                    <\/div>\r\n                    <\/div>\r\n        \r\n        \t\t\t\t<\/div>\n\t\t\t\t<\/div>\n\t\t\t\t<div class=\"elementor-element elementor-element-4e63aaa5 elementor-widget elementor-widget-heading\" data-id=\"4e63aaa5\" data-element_type=\"widget\" data-widget_type=\"heading.default\">\n\t\t\t\t\t<h3 class=\"elementor-heading-title elementor-size-default\">Massagen \/ Spezialit\u00e4ten im \u00dcberblick<\/h3>\t\t\t\t<\/div>\n\t\t\t\t<section class=\"elementor-section elementor-inner-section elementor-element elementor-element-3a7dd22f elementor-section-boxed elementor-section-height-default elementor-section-height-default\" data-id=\"3a7dd22f\" data-element_type=\"section\">\n\t\t\t\t\t\t<div class=\"elementor-container elementor-column-gap-default\">\n\t\t\t\t\t<div class=\"elementor-column elementor-col-50 elementor-inner-column elementor-element elementor-element-74a1077\" data-id=\"74a1077\" data-element_type=\"column\">\n\t\t\t<div class=\"elementor-widget-wrap elementor-element-populated\">\n\t\t\t\t\t\t<div class=\"elementor-element elementor-element-4448fc02 elementor-widget elementor-widget-text-editor\" data-id=\"4448fc02\" data-element_type=\"widget\" data-widget_type=\"text-editor.default\">\n\t\t\t\t\t\t\t\t\t<p>Chantra-Massage<br \/>Lingam-VIP-Massage<br \/>Chang\u00e9 massage<br \/>Chantra VIP<br \/>Surprise massage<br \/>50 Shades of Grey Massage<br \/>Blind-Date-Massage<br \/>Duo-Massage<br \/>Kuschelerlebnis<br \/>Paarmassage mit 1 Masseurin<\/p>\t\t\t\t\t\t\t\t<\/div>\n\t\t\t\t\t<\/div>\n\t\t<\/div>\n\t\t\t\t<div class=\"elementor-column elementor-col-50 elementor-inner-column elementor-element elementor-element-d93bdff\" data-id=\"d93bdff\" data-element_type=\"column\">\n\t\t\t<div class=\"elementor-widget-wrap elementor-element-populated\">\n\t\t\t\t\t\t<div class=\"elementor-element elementor-element-38f981f5 elementor-widget elementor-widget-text-editor\" data-id=\"38f981f5\" data-element_type=\"widget\" data-widget_type=\"text-editor.default\">\n\t\t\t\t\t\t\t\t\t<p>Tickle-Experience \u00a0 \u00a0 \u00a0 \u00a0 \u00a0 \u00a0 \u00a0 \u00a0 \u00a0 \u00a0 \u00a0 \u00a0 \u00a0 \u00a0 \u00a0 \u00a0 \u00a0 \u00a0 \u00a0 \u00a0 \u00a0 \u00a0 \u00a0 \u00a0 \u00a0 \u00a0 Chantra Yoni VIP f\u00fcr Frauen<br \/>Paarmassage mit 2 Masseurinnen<br \/>Nehmen Sie gemeinsam eine erotische Dusche<br \/>Prostatamassage<br \/>Entspannungsmassage<br \/>Therapeutische Wellnessmassage<\/p>\t\t\t\t\t\t\t\t<\/div>\n\t\t\t\t\t<\/div>\n\t\t<\/div>\n\t\t\t\t\t<\/div>\n\t\t<\/section>\n\t\t\t\t\t<\/div>\n\t\t<\/div>\n\t\t\t\t<div class=\"etheme-elementor-sticky-column elementor-column elementor-col-50 elementor-top-column elementor-element elementor-element-5b54f811\" data-id=\"5b54f811\" data-element_type=\"column\" data-settings=\"{&quot;etheme_column_sticky&quot;:&quot;yes&quot;,&quot;etheme_column_sticky_top_offset&quot;:100,&quot;etheme_column_sticky_on&quot;:[&quot;desktop&quot;,&quot;tablet&quot;]}\">\n\t\t\t<div class=\"elementor-widget-wrap elementor-element-populated\">\n\t\t\t\t\t\t<div class=\"elementor-element elementor-element-7d8a142 elementor-widget elementor-widget-etheme_static_block\" data-id=\"7d8a142\" data-element_type=\"widget\" data-widget_type=\"etheme_static_block.default\">\n\t\t\t\t<div class=\"elementor-widget-container\">\n\t\t\t\t\t\t    <div class=\"etheme-static_block-wrapper\">\r\n\t            <div class=\"et-no-preview\"><h3>8theme - Static Block<\/h3><p>No preview available.<\/p><\/div><style>\r\n                .et-no-preview{\r\n                    font-size: 13px;\r\n                    background: #f0f0f0;\r\n                    padding: 8px 12px;\r\n                    color: #000;\r\n                    font-family: -apple-system,BlinkMacSystemFont,Segoe UI,Roboto,Oxygen-Sans,Ubuntu,Cantarell,Helvetica Neue,sans-serif;\r\n                }\r\n                .et-no-preview h3 {\r\n                    font-size: 14px;\r\n                    font-family: inherit;\r\n                    font-weight: 600;\r\n                    margin: 4px 0;\r\n                }\r\n                .et-no-preview p {\r\n                    margin: 4px 0;\r\n                    font-size: 13px;\r\n                }\r\n            <\/style>\t\t<\/div>\r\n\t\t\t\t\t\t<\/div>\n\t\t\t\t<\/div>\n\t\t\t\t\t<\/div>\n\t\t<\/div>\n\t\t\t\t\t<\/div>\n\t\t<\/section>\n\t\t\t\t<\/div>\n\t\t","protected":false},"excerpt":{"rendered":"<p>Sanne Hallo mannen, vrouwen en stellen, Ik ben Sanne, een knappe, slanke Nederlandse dame van begin 40, met rood haar en ondeugende groene ogen. Ik hou van het massagespel, het plagen en het verwennen!Zullen we samen een heerlijk heet massage-avontuur beleven? XXX Sanne Talen: Nederlands, Duits, Engels Massagen \/ Spezialit\u00e4ten im \u00dcberblick Chantra-MassageLingam-VIP-MassageChang\u00e9 massageChantra VIPSurprise massage50 Shades of Grey MassageBlind-Date-MassageDuo-MassageKuschelerlebnisPaarmassage mit 1 Masseurin Tickle-Experience \u00a0 \u00a0 \u00a0 \u00a0 \u00a0 \u00a0 \u00a0 \u00a0 \u00a0 \u00a0 \u00a0 \u00a0 \u00a0 \u00a0 \u00a0 \u00a0 \u00a0 \u00a0 \u00a0 \u00a0 \u00a0 \u00a0 \u00a0 \u00a0 \u00a0 \u00a0 Chantra Yoni VIP f\u00fcr FrauenPaarmassage mit 2 MasseurinnenNehmen Sie gemeinsam<\/p>\n","protected":false},"author":1,"featured_media":6075,"parent":6130,"menu_order":0,"comment_status":"closed","ping_status":"closed","template":"","meta":{"_glsr_average":0,"_glsr_ranking":0,"_glsr_reviews":0,"footnotes":""},"class_list":["post-12306","page","type-page","status-publish","has-post-thumbnail","hentry"],"_links":{"self":[{"href":"https:\/\/www.chantalstantrastudio.com\/nl\/wp-json\/wp\/v2\/pages\/12306","targetHints":{"allow":["GET"]}}],"collection":[{"href":"https:\/\/www.chantalstantrastudio.com\/nl\/wp-json\/wp\/v2\/pages"}],"about":[{"href":"https:\/\/www.chantalstantrastudio.com\/nl\/wp-json\/wp\/v2\/types\/page"}],"author":[{"embeddable":true,"href":"https:\/\/www.chantalstantrastudio.com\/nl\/wp-json\/wp\/v2\/users\/1"}],"replies":[{"embeddable":true,"href":"https:\/\/www.chantalstantrastudio.com\/nl\/wp-json\/wp\/v2\/comments?post=12306"}],"version-history":[{"count":7,"href":"https:\/\/www.chantalstantrastudio.com\/nl\/wp-json\/wp\/v2\/pages\/12306\/revisions"}],"predecessor-version":[{"id":12313,"href":"https:\/\/www.chantalstantrastudio.com\/nl\/wp-json\/wp\/v2\/pages\/12306\/revisions\/12313"}],"up":[{"embeddable":true,"href":"https:\/\/www.chantalstantrastudio.com\/nl\/wp-json\/wp\/v2\/pages\/6130"}],"wp:featuredmedia":[{"embeddable":true,"href":"https:\/\/www.chantalstantrastudio.com\/nl\/wp-json\/wp\/v2\/media\/6075"}],"wp:attachment":[{"href":"https:\/\/www.chantalstantrastudio.com\/nl\/wp-json\/wp\/v2\/media?parent=12306"}],"curies":[{"name":"wp","href":"https:\/\/api.w.org\/{rel}","templated":true}]}}