{"id":12762,"date":"2025-09-26T07:32:39","date_gmt":"2025-09-26T05:32:39","guid":{"rendered":"https:\/\/www.chantalstantrastudio.com\/nieuws-neuigkeiten\/"},"modified":"2025-11-08T12:08:34","modified_gmt":"2025-11-08T11:08:34","slug":"nieuws-neuigkeiten","status":"publish","type":"page","link":"https:\/\/www.chantalstantrastudio.com\/nl\/nieuws-neuigkeiten\/","title":{"rendered":"Nieuws \/ Neuigkeiten"},"content":{"rendered":"\t\t<div data-elementor-type=\"wp-page\" data-elementor-id=\"12762\" class=\"elementor elementor-12762 elementor-12760\" data-elementor-post-type=\"page\">\n\t\t\t\t<div class=\"elementor-element elementor-element-3213a5f7 e-flex e-con-boxed e-con e-parent\" data-id=\"3213a5f7\" data-element_type=\"container\">\n\t\t\t\t\t<div class=\"e-con-inner\">\n\t\t\t\t<div class=\"elementor-element elementor-element-21f29096 elementor-widget elementor-widget-heading\" data-id=\"21f29096\" data-element_type=\"widget\" data-widget_type=\"heading.default\">\n\t\t\t\t\t<h2 class=\"elementor-heading-title elementor-size-default\">Neuigkeiten\/Nieuws<\/h2>\t\t\t\t<\/div>\n\t\t\t\t\t<\/div>\n\t\t\t\t<\/div>\n\t\t<div class=\"elementor-element elementor-element-4bdf8922 e-flex e-con-boxed e-con e-parent\" data-id=\"4bdf8922\" data-element_type=\"container\">\n\t\t\t\t\t<div class=\"e-con-inner\">\n\t\t\t\t<div class=\"elementor-element elementor-element-2374021b elementor-widget elementor-widget-text-editor\" data-id=\"2374021b\" data-element_type=\"widget\" data-widget_type=\"text-editor.default\">\n\t\t\t\t\t\t\t\t\t<p><strong>Welkom op onze nieuwspagina<\/strong><\/p><p>Op deze pagina houden wij u op de hoogte van nieuwtjes, zo bent u altijd op de hoogte &#8230;\u00a0<\/p>\t\t\t\t\t\t\t\t<\/div>\n\t\t\t\t<div class=\"elementor-element elementor-element-6915faa elementor-widget elementor-widget-text-editor\" data-id=\"6915faa\" data-element_type=\"widget\" data-widget_type=\"text-editor.default\">\n\t\t\t\t\t\t\t\t\t<p><strong>Willkommen <\/strong><\/p><p><strong>\u201eWenn wir Neuigkeiten haben, werden wir sie auf dieser Seite mit Ihnen teilen.\u201c<\/strong><\/p><p>\u00a0<\/p>\t\t\t\t\t\t\t\t<\/div>\n\t\t\t\t\t<\/div>\n\t\t\t\t<\/div>\n\t\t<div class=\"elementor-element elementor-element-7a29a7a e-flex e-con-boxed e-con e-parent\" data-id=\"7a29a7a\" data-element_type=\"container\">\n\t\t\t\t\t<div class=\"e-con-inner\">\n\t\t\t\t<div class=\"elementor-element elementor-element-8e449a6 elementor-widget elementor-widget-heading\" data-id=\"8e449a6\" data-element_type=\"widget\" data-widget_type=\"heading.default\">\n\t\t\t\t\t<h2 class=\"elementor-heading-title elementor-size-default\">NEU \ud83e\udd29 Unsere \"The Sweet (Cacao) Sensation \" Ab Montag 3 November<br><br>NIEUW \ud83e\udd29 Onze \"The Sweet (Cacao) Sensation\" Vanaf Maandag 3 November<br><\/h2>\t\t\t\t<\/div>\n\t\t\t\t<div class=\"elementor-element elementor-element-3eea3e9 elementor-widget elementor-widget-text-editor\" data-id=\"3eea3e9\" data-element_type=\"widget\" data-widget_type=\"text-editor.default\">\n\t\t\t\t\t\t\t\t\t<p>De ultieme &#8220;zoete verwenning&#8221; met onze speciale &#8220;hot choclate&#8221; massageolie.<\/p><p>Geniet van een heerlijke stoute erotische Massage, met een full body 2 body massage, waarbij de erotische spanning goed wordt opgebouwd, \u00a0en het &#8220;edgen&#8221; van je Lingam niet vergeten wordt&#8230; tot, tot..je echt niet meer kunt.., of&#8230;, verlang je nog naar een extra climax? Ook dit is natuurlijk mogelijk bij zoete verwenning \ud83d\ude0b<\/p><p>Jij wilt toch ook onze &#8220;Sweet Sensation&#8221; wel eens een keer proberen?<\/p><p>Al nieuwsgierig?<\/p><p><strong>Extra informatie over de massage olie:<\/strong><\/p><p><em>Wij gebruiken uiteraard speciale Massage olie voor deze massage, met de voordelen van cacao, maar niet de nadelen, de massage olie is vrij blank van kleur, heeft een milde heerlijke geur, en is goed afspoellbaar&#8230;<\/em><\/p><p><em>De &#8220;hot chocolate&#8221; massage olie is gemaakt van o.a. pure cacao en verrijkt met zuivere amandel olie, abrikozen olie, kokosvet,sesam olie ,zonnebloemolie en vit E.\u00a0<\/em><\/p><p><em>Momenteel word de Hot Chocolate Massage de &#8220;zoetste verwenning&#8221; genoemd. Hierom noemen wij deze unieke erotische massage dan ook: &#8220;The sweet Sesation&#8221; <\/em><\/p><p><em>Cacao bevat Theobromine, dat er voor zorgt dat het niveau van serotine en endorphine (gelukshormoon) in ons lichaam verhoogd wordt. Het zijn deze hormonen die ons een goed gevoel geven waardoor u zich na de massage heel prettig voelt.\u00a0<\/em><\/p><p><em>Tevens heeft de cacao-substantie een actieve conserveringsstof \u2013 deze zorgt voor vertraging van verouderingsproces van de huidcellen, en neutraliseert ze. Een massage met onze Hot Chocolate Massage olie is een gecombineerde zeer erotische, beauty- en wellness behandeling, die de huid en jullie een compleet verwengevoel geeft \ud83d\ude1c<\/em><\/p><p><span style=\"text-decoration: underline;\"><strong>DEUTSCH<\/strong><\/span><\/p><p>Die ultimative \u201es\u00fc\u00dfe Verw\u00f6hnung\u201c \u2013 Wir benutzen die speciale &#8220;hot choclate massage-\u00d6l.<\/p><p>Geniessen Sie von eine herrlich erotische Massage mit einer Ganzk\u00f6rper-2-K\u00f6rper-Massage, bei der die erotische Spannung gut aufgebaut wird, das \u201eEdging\u201c Ihres Lingams nicht vergessen wird &#8230; bis, bis &#8230; Sie wirklich nicht mehr k\u00f6nnen &#8230; Oder k\u00f6nnen \/ w\u00fcnschen Sie noch 1 climax? est is moglich mit diese speciale massage&#8230;\ud83d\ude0b<\/p><p>M\u00f6chten Sie nicht auch einmal unsere \u201eSweet Sensation\u201c ausprobieren?<\/p><p><strong>Zus\u00e4tzliche Informationen zum Massage\u00f6l:<\/strong><\/p><p><em>Wir verwenden ein spezielles Massage\u00f6l mit den Vorteilen von Kakao, aber ohne die Nachteile. Das Massage\u00f6l ist relativ farblos, hat einen milden, k\u00f6stlichen Duft und l\u00e4sst sich gut absp\u00fclen &#8230;<\/em><\/p><p><em>Das Hot Chocolate Massage\u00f6l wird unter anderem aus reinem Kakao hergestellt und mit reinem Mandel\u00f6l, Aprikosen\u00f6l, Kokosfett, Sesam\u00f6l, Sonnenblumen\u00f6l und Vitamin E angereichert.<\/em><\/p><p><em>Derzeit wird die Hot-Chocolate-Massage als \u201es\u00fc\u00dfeste Verw\u00f6hnung\u201d bezeichnet. Bei uns die &#8220;The Sweet Sensation&#8221; Genannt.<\/em><\/p><p><em>Kakao enth\u00e4lt Theobromin, das daf\u00fcr sorgt, dass der Serotonin- und Endorphinspiegel (Gl\u00fcckshormon) in unserem K\u00f6rper erh\u00f6ht wird. Es sind diese Hormone, die uns ein gutes Gef\u00fchl geben, sodass Sie sich nach der Massage sehr wohl f\u00fchlen.<\/em><\/p><p><em>Au\u00dferdem enth\u00e4lt Kakao einen aktiven Konservierungsstoff, der den Alterungsprozess der Hautzellen verlangsamt und sie neutralisiert. <\/em><\/p><p><em>Die Hot Chocolate Massage ist eine kombinierte, sehr erotische Sch\u00f6nheits- und Wellnessbehandlung, die Ihrer Haut und Ihnen ein Gef\u00fchl der vollkommenen Verw\u00f6hnung schenkt \ud83d\ude1c.<\/em><\/p><p><em>\u00a0<\/em><\/p><p><em>\u00a0<\/em><\/p>\t\t\t\t\t\t\t\t<\/div>\n\t\t\t\t\t<\/div>\n\t\t\t\t<\/div>\n\t\t\t\t<\/div>\n\t\t","protected":false},"excerpt":{"rendered":"<p>Neuigkeiten\/Nieuws Welkom op onze nieuwspagina Op deze pagina houden wij u op de hoogte van nieuwtjes, zo bent u altijd op de hoogte &#8230;\u00a0 Willkommen \u201eWenn wir Neuigkeiten haben, werden wir sie auf dieser Seite mit Ihnen teilen.\u201c \u00a0 NEU \ud83e\udd29 Unsere &#8220;The Sweet (Cacao) Sensation &#8221; Ab Montag 3 November NIEUW \ud83e\udd29 Onze &#8220;The Sweet (Cacao) Sensation&#8221; Vanaf Maandag 3 November De ultieme &#8220;zoete verwenning&#8221; met onze speciale &#8220;hot choclate&#8221; massageolie. Geniet van een heerlijke stoute erotische Massage, met een full body 2 body massage, waarbij de erotische spanning goed wordt opgebouwd, \u00a0en het &#8220;edgen&#8221; van je Lingam niet<\/p>\n","protected":false},"author":1,"featured_media":0,"parent":0,"menu_order":0,"comment_status":"closed","ping_status":"closed","template":"","meta":{"_glsr_average":0,"_glsr_ranking":0,"_glsr_reviews":0,"footnotes":""},"class_list":["post-12762","page","type-page","status-publish","hentry"],"_links":{"self":[{"href":"https:\/\/www.chantalstantrastudio.com\/nl\/wp-json\/wp\/v2\/pages\/12762","targetHints":{"allow":["GET"]}}],"collection":[{"href":"https:\/\/www.chantalstantrastudio.com\/nl\/wp-json\/wp\/v2\/pages"}],"about":[{"href":"https:\/\/www.chantalstantrastudio.com\/nl\/wp-json\/wp\/v2\/types\/page"}],"author":[{"embeddable":true,"href":"https:\/\/www.chantalstantrastudio.com\/nl\/wp-json\/wp\/v2\/users\/1"}],"replies":[{"embeddable":true,"href":"https:\/\/www.chantalstantrastudio.com\/nl\/wp-json\/wp\/v2\/comments?post=12762"}],"version-history":[{"count":10,"href":"https:\/\/www.chantalstantrastudio.com\/nl\/wp-json\/wp\/v2\/pages\/12762\/revisions"}],"predecessor-version":[{"id":13057,"href":"https:\/\/www.chantalstantrastudio.com\/nl\/wp-json\/wp\/v2\/pages\/12762\/revisions\/13057"}],"wp:attachment":[{"href":"https:\/\/www.chantalstantrastudio.com\/nl\/wp-json\/wp\/v2\/media?parent=12762"}],"curies":[{"name":"wp","href":"https:\/\/api.w.org\/{rel}","templated":true}]}}